{"id":8,"date":"2018-09-09T21:54:33","date_gmt":"2018-09-09T21:54:33","guid":{"rendered":"http:\/\/bbb-neustadt.de\/?page_id=8"},"modified":"2018-09-12T09:50:26","modified_gmt":"2018-09-12T09:50:26","slug":"referenzen","status":"publish","type":"page","link":"https:\/\/bbb-neustadt.de\/?page_id=8","title":{"rendered":"Ihr Nutzen"},"content":{"rendered":"<div class=\"post-entry\">\n<h5>Sie haben mehr Zeit f\u00fcr Ihr Kerngesch\u00e4ft<\/h5>\n<ul>\n<li>Durch eine optimale B\u00fcroorganisation sparen Sie viel Zeit und Geld.<\/li>\n<\/ul>\n<h5>Sie erh\u00f6hen Ihre Produktivit\u00e4t<\/h5>\n<ul>\n<li>Mehr Zeit f\u00fcr effektives Arbeiten, alles ist an seinem Platz zu finden.<\/li>\n<\/ul>\n<h5>Sie gewinnen Flexibilit\u00e4t<\/h5>\n<ul>\n<li>Bei Arbeitsspitzen sind sie flexibel und \u00a0der B\u00fcroablauf bleibt in Bewegung.<\/li>\n<\/ul>\n<h5>Sie verbessern Ihr Image<\/h5>\n<ul>\n<li>Ordnung hinterl\u00e4sst beim Kunden ein positives Gef\u00fchl.<\/li>\n<\/ul>\n<h5>Sie senken Ihre Personalkosten<\/h5>\n<ul>\n<li>Durch effizientes Arbeiten werden \u00dcberstunden vermieden.<\/li>\n<li>Ich bin g\u00fcnstiger als ein angestellter Mitarbeiter, Sie tragen keine Lohnnebenkosten oder Kosten f\u00fcr Krankheits- und Urlaubstage.<\/li>\n<\/ul>\n<h5>Sie sparen einen weiteren Arbeitsplatz<\/h5>\n<ul>\n<li>Ich erledige die meisten Arbeiten von meinem B\u00fcro aus.<\/li>\n<\/ul>\n<h5>Sie erhalten eine pers\u00f6nliche Betreuung<\/h5>\n<ul>\n<li>Ich berate, betreue und begleite Sie pers\u00f6nlich.<\/li>\n<li>Ich schule Ihre Mitarbeiter.<\/li>\n<\/ul>\n<h5>Sie haben eine flexible und kompetente Ansprechperson in allen Belangen rund ums B\u00fcro!<\/h5>\n<\/div>\n","protected":false},"excerpt":{"rendered":"<p>Sie haben mehr Zeit f\u00fcr Ihr Kerngesch\u00e4ft Durch eine optimale B\u00fcroorganisation sparen Sie viel Zeit und Geld. Sie erh\u00f6hen Ihre Produktivit\u00e4t Mehr Zeit f\u00fcr effektives Arbeiten, alles ist an seinem Platz zu finden. Sie gewinnen Flexibilit\u00e4t Bei Arbeitsspitzen sind sie flexibel und \u00a0der B\u00fcroablauf bleibt in Bewegung. Sie verbessern Ihr Image Ordnung hinterl\u00e4sst beim Kunden [&hellip;]<\/p>\n","protected":false},"author":1,"featured_media":0,"parent":0,"menu_order":0,"comment_status":"closed","ping_status":"closed","template":"","meta":{"footnotes":""},"class_list":["post-8","page","type-page","status-publish","hentry"],"_links":{"self":[{"href":"https:\/\/bbb-neustadt.de\/index.php?rest_route=\/wp\/v2\/pages\/8","targetHints":{"allow":["GET"]}}],"collection":[{"href":"https:\/\/bbb-neustadt.de\/index.php?rest_route=\/wp\/v2\/pages"}],"about":[{"href":"https:\/\/bbb-neustadt.de\/index.php?rest_route=\/wp\/v2\/types\/page"}],"author":[{"embeddable":true,"href":"https:\/\/bbb-neustadt.de\/index.php?rest_route=\/wp\/v2\/users\/1"}],"replies":[{"embeddable":true,"href":"https:\/\/bbb-neustadt.de\/index.php?rest_route=%2Fwp%2Fv2%2Fcomments&post=8"}],"version-history":[{"count":5,"href":"https:\/\/bbb-neustadt.de\/index.php?rest_route=\/wp\/v2\/pages\/8\/revisions"}],"predecessor-version":[{"id":99,"href":"https:\/\/bbb-neustadt.de\/index.php?rest_route=\/wp\/v2\/pages\/8\/revisions\/99"}],"wp:attachment":[{"href":"https:\/\/bbb-neustadt.de\/index.php?rest_route=%2Fwp%2Fv2%2Fmedia&parent=8"}],"curies":[{"name":"wp","href":"https:\/\/api.w.org\/{rel}","templated":true}]}}