{"id":37,"date":"2018-09-09T22:14:57","date_gmt":"2018-09-09T22:14:57","guid":{"rendered":"http:\/\/bbb-neustadt.de\/?page_id=37"},"modified":"2018-09-09T23:21:21","modified_gmt":"2018-09-09T23:21:21","slug":"startseite","status":"publish","type":"page","link":"https:\/\/bbb-neustadt.de\/","title":{"rendered":""},"content":{"rendered":"<p>Sie w\u00fcnschen sich mehr Zeit f\u00fcr<\/p>\n<ul>\n<li>Ihre unternehmerische T\u00e4tigkeit<\/li>\n<li>die Umsetzung Ihrer unternehmerischen Ziele<\/li>\n<li>Ihre Familie<\/li>\n<li>Ihre Freunde<\/li>\n<li>mehr Freizeit<\/li>\n<\/ul>\n<p>Lassen Sie uns gemeinsam Ihren B\u00fcroalltag so gestalten, dass Sie aus der neu gewonnen Zeit NEUES hervorbringen k\u00f6nnen.<\/p>\n<p>Nehmen Sie <a href=\"https:\/\/bbb-neustadt.de\/?page_id=7\">Kontakt<\/a> mit mir auf<\/p>\n","protected":false},"excerpt":{"rendered":"<p>Sie w\u00fcnschen sich mehr Zeit f\u00fcr Ihre unternehmerische T\u00e4tigkeit die Umsetzung Ihrer unternehmerischen Ziele Ihre Familie Ihre Freunde mehr Freizeit Lassen Sie uns gemeinsam Ihren B\u00fcroalltag so gestalten, dass Sie aus der neu gewonnen Zeit NEUES hervorbringen k\u00f6nnen. Nehmen Sie Kontakt mit mir auf<\/p>\n","protected":false},"author":1,"featured_media":0,"parent":0,"menu_order":0,"comment_status":"closed","ping_status":"closed","template":"","meta":{"footnotes":""},"class_list":["post-37","page","type-page","status-publish","hentry"],"_links":{"self":[{"href":"https:\/\/bbb-neustadt.de\/index.php?rest_route=\/wp\/v2\/pages\/37","targetHints":{"allow":["GET"]}}],"collection":[{"href":"https:\/\/bbb-neustadt.de\/index.php?rest_route=\/wp\/v2\/pages"}],"about":[{"href":"https:\/\/bbb-neustadt.de\/index.php?rest_route=\/wp\/v2\/types\/page"}],"author":[{"embeddable":true,"href":"https:\/\/bbb-neustadt.de\/index.php?rest_route=\/wp\/v2\/users\/1"}],"replies":[{"embeddable":true,"href":"https:\/\/bbb-neustadt.de\/index.php?rest_route=%2Fwp%2Fv2%2Fcomments&post=37"}],"version-history":[{"count":4,"href":"https:\/\/bbb-neustadt.de\/index.php?rest_route=\/wp\/v2\/pages\/37\/revisions"}],"predecessor-version":[{"id":71,"href":"https:\/\/bbb-neustadt.de\/index.php?rest_route=\/wp\/v2\/pages\/37\/revisions\/71"}],"wp:attachment":[{"href":"https:\/\/bbb-neustadt.de\/index.php?rest_route=%2Fwp%2Fv2%2Fmedia&parent=37"}],"curies":[{"name":"wp","href":"https:\/\/api.w.org\/{rel}","templated":true}]}}