{"id":24,"date":"2018-09-09T22:05:51","date_gmt":"2018-09-09T22:05:51","guid":{"rendered":"http:\/\/bbb-neustadt.de\/?page_id=24"},"modified":"2019-04-08T16:31:28","modified_gmt":"2019-04-08T16:31:28","slug":"leistungen","status":"publish","type":"page","link":"https:\/\/bbb-neustadt.de\/?page_id=24","title":{"rendered":"Leistungen"},"content":{"rendered":"<h5>Hallo und herzlich willkommen bei BBB &#8211; Behrens Buchhaltung B\u00fcroorganisation!<\/h5>\n<p>F\u00fcr Unternehmer, Freiberufler und Existenzgr\u00fcnder ist es wichtig, den Kopf frei zu haben f\u00fcr das Kerngesch\u00e4ft, f\u00fcr Innovationen und kreative Ideen.<br \/>\nDie Routineaufgaben im B\u00fcro m\u00fcssen dennoch erledigt werden \u2013 das kostet wertvolle Zeit.<br \/>\nBBB kann Ihnen helfen, Zeitressourcen einzusparen und durch unseren Service k\u00f6nnen Sie am Ende sogar noch Geld einsparen.<br \/>\nF\u00fcr BBB als Ihren externen B\u00fcroservice, zahlen Sie nur nach erbrachter Dienstleistung.<br \/>\nDas bedeutet, es fallen weder Sozialabgaben, Urlaub, noch Lohnfortzahlungen im Krankheitsfall an. Ihr administrativer Aufwand h\u00e4lt sich somit ebenfalls in Grenzen.<br \/>\nSo k\u00f6nnen Sie Ihre Fixkosten auf Dauer reduzieren und die so eingesparten Ausgaben anderweitig investieren.<br \/>\nMein Service ist ma\u00dfgeschneidert. Im Dialog mit Ihnen ermittele ich, welche Service-Module f\u00fcr Sie effektiv sind.<br \/>\n\u00dcberzeugen Sie sich von meinen Leistungen und meinem Know-How als B\u00fcrodienstleister. Hier k\u00f6nnen sie bereits einen ersten Eindruck von mir gewinnen.<\/p>\n","protected":false},"excerpt":{"rendered":"<p>Hallo und herzlich willkommen bei BBB &#8211; Behrens Buchhaltung B\u00fcroorganisation! F\u00fcr Unternehmer, Freiberufler und Existenzgr\u00fcnder ist es wichtig, den Kopf frei zu haben f\u00fcr das Kerngesch\u00e4ft, f\u00fcr Innovationen und kreative Ideen. Die Routineaufgaben im B\u00fcro m\u00fcssen dennoch erledigt werden \u2013 das kostet wertvolle Zeit. BBB kann Ihnen helfen, Zeitressourcen einzusparen und durch unseren Service k\u00f6nnen [&hellip;]<\/p>\n","protected":false},"author":1,"featured_media":0,"parent":0,"menu_order":0,"comment_status":"closed","ping_status":"closed","template":"","meta":{"footnotes":""},"class_list":["post-24","page","type-page","status-publish","hentry"],"_links":{"self":[{"href":"https:\/\/bbb-neustadt.de\/index.php?rest_route=\/wp\/v2\/pages\/24","targetHints":{"allow":["GET"]}}],"collection":[{"href":"https:\/\/bbb-neustadt.de\/index.php?rest_route=\/wp\/v2\/pages"}],"about":[{"href":"https:\/\/bbb-neustadt.de\/index.php?rest_route=\/wp\/v2\/types\/page"}],"author":[{"embeddable":true,"href":"https:\/\/bbb-neustadt.de\/index.php?rest_route=\/wp\/v2\/users\/1"}],"replies":[{"embeddable":true,"href":"https:\/\/bbb-neustadt.de\/index.php?rest_route=%2Fwp%2Fv2%2Fcomments&post=24"}],"version-history":[{"count":11,"href":"https:\/\/bbb-neustadt.de\/index.php?rest_route=\/wp\/v2\/pages\/24\/revisions"}],"predecessor-version":[{"id":103,"href":"https:\/\/bbb-neustadt.de\/index.php?rest_route=\/wp\/v2\/pages\/24\/revisions\/103"}],"wp:attachment":[{"href":"https:\/\/bbb-neustadt.de\/index.php?rest_route=%2Fwp%2Fv2%2Fmedia&parent=24"}],"curies":[{"name":"wp","href":"https:\/\/api.w.org\/{rel}","templated":true}]}}